{"id":99,"date":"2020-02-12T18:21:35","date_gmt":"2020-02-12T18:21:35","guid":{"rendered":"https:\/\/emilianavineyard.com\/cms\/?page_id=99"},"modified":"2022-09-07T21:29:11","modified_gmt":"2022-09-07T21:29:11","slug":"garnacha-syrah","status":"publish","type":"page","link":"https:\/\/www.emiliana.cl\/pt\/vinos\/novas\/garnacha-syrah\/","title":{"rendered":"GARNACHA \/ SYRAH"},"content":{"rendered":"<p><\/p>\n<p class=\"p1\">Vermelho profundo. Com aromas de frutas frescas, destacando-se o morango maduro, com notas de lavanda combinadas elegantemente com leves toques tostados proporcionados por seu est\u00e1gio em barril franc\u00eas. Bem equilibrado e com uma acidez fresca. Seus taninos bem integrados d\u00e3o uma finaliza\u00e7\u00e3o agrad\u00e1vel e muito persistente.<\/p>\n<p><\/p>","protected":false},"excerpt":{"rendered":"<p>Vermelho profundo. Com aromas de frutas frescas, destacando-se o morango maduro, com notas de lavanda combinadas elegantemente com leves toques tostados proporcionados por seu est\u00e1gio em barril franc\u00eas. Bem equilibrado e com uma acidez fresca. Seus taninos bem integrados d\u00e3o uma finaliza\u00e7\u00e3o agrad\u00e1vel e muito persistente.<\/p>\n","protected":false},"author":2,"featured_media":2479,"parent":31,"menu_order":9,"comment_status":"closed","ping_status":"closed","template":"","meta":{"footnotes":""},"class_list":["post-99","page","type-page","status-publish","has-post-thumbnail","hentry"],"acf":[],"_links":{"self":[{"href":"https:\/\/www.emiliana.cl\/pt\/wp-json\/wp\/v2\/pages\/99","targetHints":{"allow":["GET"]}}],"collection":[{"href":"https:\/\/www.emiliana.cl\/pt\/wp-json\/wp\/v2\/pages"}],"about":[{"href":"https:\/\/www.emiliana.cl\/pt\/wp-json\/wp\/v2\/types\/page"}],"author":[{"embeddable":true,"href":"https:\/\/www.emiliana.cl\/pt\/wp-json\/wp\/v2\/users\/2"}],"replies":[{"embeddable":true,"href":"https:\/\/www.emiliana.cl\/pt\/wp-json\/wp\/v2\/comments?post=99"}],"version-history":[{"count":22,"href":"https:\/\/www.emiliana.cl\/pt\/wp-json\/wp\/v2\/pages\/99\/revisions"}],"predecessor-version":[{"id":3160,"href":"https:\/\/www.emiliana.cl\/pt\/wp-json\/wp\/v2\/pages\/99\/revisions\/3160"}],"up":[{"embeddable":true,"href":"https:\/\/www.emiliana.cl\/pt\/wp-json\/wp\/v2\/pages\/31"}],"wp:featuredmedia":[{"embeddable":true,"href":"https:\/\/www.emiliana.cl\/pt\/wp-json\/wp\/v2\/media\/2479"}],"wp:attachment":[{"href":"https:\/\/www.emiliana.cl\/pt\/wp-json\/wp\/v2\/media?parent=99"}],"curies":[{"name":"wp","href":"https:\/\/api.w.org\/{rel}","templated":true}]}}