{"id":97,"date":"2020-02-12T18:20:41","date_gmt":"2020-02-12T18:20:41","guid":{"rendered":"https:\/\/emilianavineyard.com\/cms\/?page_id=97"},"modified":"2025-08-13T22:46:58","modified_gmt":"2025-08-13T22:46:58","slug":"syrah-mourvedre","status":"publish","type":"page","link":"https:\/\/www.emiliana.cl\/pt\/vinos\/novas\/syrah-mourvedre\/","title":{"rendered":"SYRAH \/ MOURVEDRE"},"content":{"rendered":"<p><\/p>\n<p class=\"p1\">Vermelho rubi profundo. \u00c9 um vinho fresco e tem aromas que lembram ameixa, combinados com algumas notas de cereja. Suas notas doces de tabaco e chocolate tamb\u00e9m se destacam. Taninos firmes e elegantes d\u00e3o ao vinho uma boa densidade e sedosidade que junto com uma rica acidez resultam em um vinho com grande persist\u00eancia e boa finaliza\u00e7\u00e3o.<\/p>\n<p><\/p>","protected":false},"excerpt":{"rendered":"<p>Vermelho rubi profundo. \u00c9 um vinho fresco e tem aromas que lembram ameixa, combinados com algumas notas de cereja. Suas notas doces de tabaco e chocolate tamb\u00e9m se destacam. Taninos firmes e elegantes d\u00e3o ao vinho uma boa densidade e sedosidade que junto com uma rica acidez resultam em um vinho com grande persist\u00eancia e [&hellip;]<\/p>\n","protected":false},"author":2,"featured_media":2478,"parent":31,"menu_order":8,"comment_status":"closed","ping_status":"closed","template":"","meta":{"footnotes":""},"class_list":["post-97","page","type-page","status-publish","has-post-thumbnail","hentry"],"acf":[],"_links":{"self":[{"href":"https:\/\/www.emiliana.cl\/pt\/wp-json\/wp\/v2\/pages\/97","targetHints":{"allow":["GET"]}}],"collection":[{"href":"https:\/\/www.emiliana.cl\/pt\/wp-json\/wp\/v2\/pages"}],"about":[{"href":"https:\/\/www.emiliana.cl\/pt\/wp-json\/wp\/v2\/types\/page"}],"author":[{"embeddable":true,"href":"https:\/\/www.emiliana.cl\/pt\/wp-json\/wp\/v2\/users\/2"}],"replies":[{"embeddable":true,"href":"https:\/\/www.emiliana.cl\/pt\/wp-json\/wp\/v2\/comments?post=97"}],"version-history":[{"count":27,"href":"https:\/\/www.emiliana.cl\/pt\/wp-json\/wp\/v2\/pages\/97\/revisions"}],"predecessor-version":[{"id":3913,"href":"https:\/\/www.emiliana.cl\/pt\/wp-json\/wp\/v2\/pages\/97\/revisions\/3913"}],"up":[{"embeddable":true,"href":"https:\/\/www.emiliana.cl\/pt\/wp-json\/wp\/v2\/pages\/31"}],"wp:featuredmedia":[{"embeddable":true,"href":"https:\/\/www.emiliana.cl\/pt\/wp-json\/wp\/v2\/media\/2478"}],"wp:attachment":[{"href":"https:\/\/www.emiliana.cl\/pt\/wp-json\/wp\/v2\/media?parent=97"}],"curies":[{"name":"wp","href":"https:\/\/api.w.org\/{rel}","templated":true}]}}