{"id":93,"date":"2020-02-12T18:19:17","date_gmt":"2020-02-12T18:19:17","guid":{"rendered":"https:\/\/emilianavineyard.com\/cms\/?page_id=93"},"modified":"2025-09-15T17:00:52","modified_gmt":"2025-09-15T20:00:52","slug":"cabernet-sauvignon","status":"publish","type":"page","link":"https:\/\/www.emiliana.cl\/pt\/vinos\/novas\/cabernet-sauvignon\/","title":{"rendered":"CABERNET SAUVIGNON"},"content":{"rendered":"<p><\/p>\n<p class=\"p1\">Cor vermelho rubi. Tem aromas elegantes e delicados, onde se destacam frutas vermelhas maduras como a cereja e o morango. Tamb\u00e9m destacam-se notas mais picantes de tabaco, cedro e toques de cacau. De estrutura m\u00e9dia, com taninos aveludados e doces, \u00e9 um vinho suculento e persistente.<\/p>\n<p><\/p>","protected":false},"excerpt":{"rendered":"<p>Cor vermelho rubi. Tem aromas elegantes e delicados, onde se destacam frutas vermelhas maduras como a cereja e o morango. Tamb\u00e9m destacam-se notas mais picantes de tabaco, cedro e toques de cacau. De estrutura m\u00e9dia, com taninos aveludados e doces, \u00e9 um vinho suculento e persistente.<\/p>\n","protected":false},"author":2,"featured_media":3941,"parent":31,"menu_order":1,"comment_status":"closed","ping_status":"closed","template":"","meta":{"footnotes":""},"class_list":["post-93","page","type-page","status-publish","has-post-thumbnail","hentry"],"acf":[],"_links":{"self":[{"href":"https:\/\/www.emiliana.cl\/pt\/wp-json\/wp\/v2\/pages\/93","targetHints":{"allow":["GET"]}}],"collection":[{"href":"https:\/\/www.emiliana.cl\/pt\/wp-json\/wp\/v2\/pages"}],"about":[{"href":"https:\/\/www.emiliana.cl\/pt\/wp-json\/wp\/v2\/types\/page"}],"author":[{"embeddable":true,"href":"https:\/\/www.emiliana.cl\/pt\/wp-json\/wp\/v2\/users\/2"}],"replies":[{"embeddable":true,"href":"https:\/\/www.emiliana.cl\/pt\/wp-json\/wp\/v2\/comments?post=93"}],"version-history":[{"count":39,"href":"https:\/\/www.emiliana.cl\/pt\/wp-json\/wp\/v2\/pages\/93\/revisions"}],"predecessor-version":[{"id":3950,"href":"https:\/\/www.emiliana.cl\/pt\/wp-json\/wp\/v2\/pages\/93\/revisions\/3950"}],"up":[{"embeddable":true,"href":"https:\/\/www.emiliana.cl\/pt\/wp-json\/wp\/v2\/pages\/31"}],"wp:featuredmedia":[{"embeddable":true,"href":"https:\/\/www.emiliana.cl\/pt\/wp-json\/wp\/v2\/media\/3941"}],"wp:attachment":[{"href":"https:\/\/www.emiliana.cl\/pt\/wp-json\/wp\/v2\/media?parent=93"}],"curies":[{"name":"wp","href":"https:\/\/api.w.org\/{rel}","templated":true}]}}