{"id":89,"date":"2020-02-12T18:16:32","date_gmt":"2020-02-12T18:16:32","guid":{"rendered":"https:\/\/emilianavineyard.com\/cms\/?page_id=89"},"modified":"2025-06-17T00:16:03","modified_gmt":"2025-06-17T00:16:03","slug":"chardonnay-marsanne-viognier-roussane","status":"publish","type":"page","link":"https:\/\/www.emiliana.cl\/pt\/vinos\/signos-de-origen\/chardonnay-marsanne-viognier-roussane\/","title":{"rendered":"CHARDONNAY \/ ROUSSANNE"},"content":{"rendered":"<p><\/p>\n<p class=\"p1\">O vinho apresenta uma cor amarela intensa com reflexos dourados. Em nariz \u00e9 complexo com aromas de frutas ex\u00f3ticas seguidas por aromas de damascos, mel e notas frescas de flores brancas, como ac\u00e1cia. Em boca \u00e9 redondo e cremoso, com um bom equil\u00edbrio dado pelas sensa\u00e7\u00f5es c\u00edtricas em um final longo.<\/p>\n<p><\/p>","protected":false},"excerpt":{"rendered":"<p>O vinho apresenta uma cor amarela intensa com reflexos dourados. Em nariz \u00e9 complexo com aromas de frutas ex\u00f3ticas seguidas por aromas de damascos, mel e notas frescas de flores brancas, como ac\u00e1cia. Em boca \u00e9 redondo e cremoso, com um bom equil\u00edbrio dado pelas sensa\u00e7\u00f5es c\u00edtricas em um final longo.<\/p>\n","protected":false},"author":2,"featured_media":3445,"parent":25,"menu_order":6,"comment_status":"closed","ping_status":"closed","template":"","meta":{"footnotes":""},"class_list":["post-89","page","type-page","status-publish","has-post-thumbnail","hentry"],"acf":[],"_links":{"self":[{"href":"https:\/\/www.emiliana.cl\/pt\/wp-json\/wp\/v2\/pages\/89","targetHints":{"allow":["GET"]}}],"collection":[{"href":"https:\/\/www.emiliana.cl\/pt\/wp-json\/wp\/v2\/pages"}],"about":[{"href":"https:\/\/www.emiliana.cl\/pt\/wp-json\/wp\/v2\/types\/page"}],"author":[{"embeddable":true,"href":"https:\/\/www.emiliana.cl\/pt\/wp-json\/wp\/v2\/users\/2"}],"replies":[{"embeddable":true,"href":"https:\/\/www.emiliana.cl\/pt\/wp-json\/wp\/v2\/comments?post=89"}],"version-history":[{"count":23,"href":"https:\/\/www.emiliana.cl\/pt\/wp-json\/wp\/v2\/pages\/89\/revisions"}],"predecessor-version":[{"id":3870,"href":"https:\/\/www.emiliana.cl\/pt\/wp-json\/wp\/v2\/pages\/89\/revisions\/3870"}],"up":[{"embeddable":true,"href":"https:\/\/www.emiliana.cl\/pt\/wp-json\/wp\/v2\/pages\/25"}],"wp:featuredmedia":[{"embeddable":true,"href":"https:\/\/www.emiliana.cl\/pt\/wp-json\/wp\/v2\/media\/3445"}],"wp:attachment":[{"href":"https:\/\/www.emiliana.cl\/pt\/wp-json\/wp\/v2\/media?parent=89"}],"curies":[{"name":"wp","href":"https:\/\/api.w.org\/{rel}","templated":true}]}}