{"id":77,"date":"2020-02-12T18:11:38","date_gmt":"2020-02-12T18:11:38","guid":{"rendered":"https:\/\/emilianavineyard.com\/cms\/?page_id=77"},"modified":"2025-09-12T18:37:28","modified_gmt":"2025-09-12T21:37:28","slug":"ensamblaje","status":"publish","type":"page","link":"https:\/\/www.emiliana.cl\/pt\/vinos\/coyam\/ensamblaje\/","title":{"rendered":"ASSEMBLAGE"},"content":{"rendered":"<p><\/p>\n<p class=\"p1\">Um vinho emblem\u00e1tico que representa fielmente a filosofia de Emiliana, onde a agricultura org\u00e2nica e biodin\u00e2mica se tornou uma inspira\u00e7\u00e3o de trabalho.<\/p>\n<p class=\"p1\">Uma mistura \u00fanica e irrepet\u00edvel por natureza, j\u00e1 que cada safra muda sua composi\u00e7\u00e3o de acordo com as condi\u00e7\u00f5es clim\u00e1ticas daquele ano. Mesmo assim, ele mant\u00e9m sempre o mesmo esp\u00edrito, identidade e qualidade.<\/p>\n<p class=\"p1\">De cor vermelho-cereja com bordas de framboesa de profundidade m\u00e9dia. Aromas que v\u00e3o desde frutas vermelhas, como cerejas e morangos, at\u00e9 ervas mediterr\u00e2neas, pimenta do reino e notas de baunilha que lhe d\u00e3o um toque picante. Em boca tem volume m\u00e9dio, taninos finos e gra\u00e7as \u00e0 sua acidez nervosa, o final \u00e9 longo e persistente.<\/p>\n<p><\/p>","protected":false},"excerpt":{"rendered":"<p>Um vinho emblem\u00e1tico que representa fielmente a filosofia de Emiliana, onde a agricultura org\u00e2nica e biodin\u00e2mica se tornou uma inspira\u00e7\u00e3o de trabalho. Uma mistura \u00fanica e irrepet\u00edvel por natureza, j\u00e1 que cada safra muda sua composi\u00e7\u00e3o de acordo com as condi\u00e7\u00f5es clim\u00e1ticas daquele ano. Mesmo assim, ele mant\u00e9m sempre o mesmo esp\u00edrito, identidade e qualidade. [&hellip;]<\/p>\n","protected":false},"author":2,"featured_media":160,"parent":23,"menu_order":0,"comment_status":"closed","ping_status":"closed","template":"","meta":{"footnotes":""},"class_list":["post-77","page","type-page","status-publish","has-post-thumbnail","hentry"],"acf":[],"_links":{"self":[{"href":"https:\/\/www.emiliana.cl\/pt\/wp-json\/wp\/v2\/pages\/77","targetHints":{"allow":["GET"]}}],"collection":[{"href":"https:\/\/www.emiliana.cl\/pt\/wp-json\/wp\/v2\/pages"}],"about":[{"href":"https:\/\/www.emiliana.cl\/pt\/wp-json\/wp\/v2\/types\/page"}],"author":[{"embeddable":true,"href":"https:\/\/www.emiliana.cl\/pt\/wp-json\/wp\/v2\/users\/2"}],"replies":[{"embeddable":true,"href":"https:\/\/www.emiliana.cl\/pt\/wp-json\/wp\/v2\/comments?post=77"}],"version-history":[{"count":34,"href":"https:\/\/www.emiliana.cl\/pt\/wp-json\/wp\/v2\/pages\/77\/revisions"}],"predecessor-version":[{"id":3931,"href":"https:\/\/www.emiliana.cl\/pt\/wp-json\/wp\/v2\/pages\/77\/revisions\/3931"}],"up":[{"embeddable":true,"href":"https:\/\/www.emiliana.cl\/pt\/wp-json\/wp\/v2\/pages\/23"}],"wp:featuredmedia":[{"embeddable":true,"href":"https:\/\/www.emiliana.cl\/pt\/wp-json\/wp\/v2\/media\/160"}],"wp:attachment":[{"href":"https:\/\/www.emiliana.cl\/pt\/wp-json\/wp\/v2\/media?parent=77"}],"curies":[{"name":"wp","href":"https:\/\/api.w.org\/{rel}","templated":true}]}}