{"id":75,"date":"2020-02-12T18:09:10","date_gmt":"2020-02-12T18:09:10","guid":{"rendered":"https:\/\/emilianavineyard.com\/cms\/?page_id=75"},"modified":"2025-09-12T18:39:10","modified_gmt":"2025-09-12T21:39:10","slug":"ensamblaje","status":"publish","type":"page","link":"https:\/\/www.emiliana.cl\/pt\/vinos\/ge\/ensamblaje\/","title":{"rendered":"ASSEMBLAGE"},"content":{"rendered":"<p><\/p>\n<p class=\"p1\">G\u00ea \u00e9 a express\u00e3o m\u00e1xima da agricultura biodin\u00e2mica na Emiliana, uma obra-prima da natureza. Ele re\u00fane a energia do cosmos, da terra e do homem, alcan\u00e7ando um vinho \u00fanico de grande personalidade que reflete fielmente as caracter\u00edsticas e atributos de seu <i>terroir<\/i>. Seu nome vem da raiz grega que significa Terra, como uma homenagem a ela.<\/p>\n<p class=\"p1\">De cor vermelho-ameixa brilhante e camada alta. Este vinho tem um nariz elegante que revela notas de frutas vermelhas \u00e1cidas, como ameixa e groselha vermelha. Tamb\u00e9m encontramos especiarias, como pimenta do reino e notas de tabaco doce. Em boca, junto com os aromas frutados, encontramos notas de alca\u00e7uz e especiarias provenientes de carvalho franc\u00eas. Tem uma acidez vibrante que lhe d\u00e1 sucul\u00eancia, taninos firmes mas ao mesmo tempo elegantes e um final longo e persistente.<\/p>\n<p><\/p>","protected":false},"excerpt":{"rendered":"<p>G\u00ea \u00e9 a express\u00e3o m\u00e1xima da agricultura biodin\u00e2mica na Emiliana, uma obra-prima da natureza. Ele re\u00fane a energia do cosmos, da terra e do homem, alcan\u00e7ando um vinho \u00fanico de grande personalidade que reflete fielmente as caracter\u00edsticas e atributos de seu terroir. Seu nome vem da raiz grega que significa Terra, como uma homenagem a [&hellip;]<\/p>\n","protected":false},"author":2,"featured_media":158,"parent":21,"menu_order":0,"comment_status":"closed","ping_status":"closed","template":"","meta":{"footnotes":""},"class_list":["post-75","page","type-page","status-publish","has-post-thumbnail","hentry"],"acf":[],"_links":{"self":[{"href":"https:\/\/www.emiliana.cl\/pt\/wp-json\/wp\/v2\/pages\/75","targetHints":{"allow":["GET"]}}],"collection":[{"href":"https:\/\/www.emiliana.cl\/pt\/wp-json\/wp\/v2\/pages"}],"about":[{"href":"https:\/\/www.emiliana.cl\/pt\/wp-json\/wp\/v2\/types\/page"}],"author":[{"embeddable":true,"href":"https:\/\/www.emiliana.cl\/pt\/wp-json\/wp\/v2\/users\/2"}],"replies":[{"embeddable":true,"href":"https:\/\/www.emiliana.cl\/pt\/wp-json\/wp\/v2\/comments?post=75"}],"version-history":[{"count":30,"href":"https:\/\/www.emiliana.cl\/pt\/wp-json\/wp\/v2\/pages\/75\/revisions"}],"predecessor-version":[{"id":3932,"href":"https:\/\/www.emiliana.cl\/pt\/wp-json\/wp\/v2\/pages\/75\/revisions\/3932"}],"up":[{"embeddable":true,"href":"https:\/\/www.emiliana.cl\/pt\/wp-json\/wp\/v2\/pages\/21"}],"wp:featuredmedia":[{"embeddable":true,"href":"https:\/\/www.emiliana.cl\/pt\/wp-json\/wp\/v2\/media\/158"}],"wp:attachment":[{"href":"https:\/\/www.emiliana.cl\/pt\/wp-json\/wp\/v2\/media?parent=75"}],"curies":[{"name":"wp","href":"https:\/\/api.w.org\/{rel}","templated":true}]}}