{"id":73,"date":"2020-02-12T18:08:13","date_gmt":"2020-02-12T18:08:13","guid":{"rendered":"https:\/\/emilianavineyard.com\/cms\/?page_id=73"},"modified":"2025-11-13T17:34:51","modified_gmt":"2025-11-13T20:34:51","slug":"viognier","status":"publish","type":"page","link":"https:\/\/www.emiliana.cl\/pt\/vinos\/adobe\/viognier\/","title":{"rendered":"VIOGNIER"},"content":{"rendered":"<p><\/p>\n<p class=\"p1\">De cor amarelo dourado transl\u00facido, no nariz apresenta aromas frutados, como damasco e papaia, com notas de mel e flores. Na boca \u00e9 um vinho com car\u00e1ter, com boa concentra\u00e7\u00e3o, fresco e equil\u00edbrio.<\/p>\n<p><\/p>","protected":false},"excerpt":{"rendered":"<p>De cor amarelo dourado transl\u00facido, no nariz apresenta aromas frutados, como damasco e papaia, com notas de mel e flores. Na boca \u00e9 um vinho com car\u00e1ter, com boa concentra\u00e7\u00e3o, fresco e equil\u00edbrio.<\/p>\n","protected":false},"author":2,"featured_media":3984,"parent":33,"menu_order":10,"comment_status":"closed","ping_status":"closed","template":"","meta":{"footnotes":""},"class_list":["post-73","page","type-page","status-publish","has-post-thumbnail","hentry"],"acf":[],"_links":{"self":[{"href":"https:\/\/www.emiliana.cl\/pt\/wp-json\/wp\/v2\/pages\/73","targetHints":{"allow":["GET"]}}],"collection":[{"href":"https:\/\/www.emiliana.cl\/pt\/wp-json\/wp\/v2\/pages"}],"about":[{"href":"https:\/\/www.emiliana.cl\/pt\/wp-json\/wp\/v2\/types\/page"}],"author":[{"embeddable":true,"href":"https:\/\/www.emiliana.cl\/pt\/wp-json\/wp\/v2\/users\/2"}],"replies":[{"embeddable":true,"href":"https:\/\/www.emiliana.cl\/pt\/wp-json\/wp\/v2\/comments?post=73"}],"version-history":[{"count":24,"href":"https:\/\/www.emiliana.cl\/pt\/wp-json\/wp\/v2\/pages\/73\/revisions"}],"predecessor-version":[{"id":4027,"href":"https:\/\/www.emiliana.cl\/pt\/wp-json\/wp\/v2\/pages\/73\/revisions\/4027"}],"up":[{"embeddable":true,"href":"https:\/\/www.emiliana.cl\/pt\/wp-json\/wp\/v2\/pages\/33"}],"wp:featuredmedia":[{"embeddable":true,"href":"https:\/\/www.emiliana.cl\/pt\/wp-json\/wp\/v2\/media\/3984"}],"wp:attachment":[{"href":"https:\/\/www.emiliana.cl\/pt\/wp-json\/wp\/v2\/media?parent=73"}],"curies":[{"name":"wp","href":"https:\/\/api.w.org\/{rel}","templated":true}]}}