{"id":69,"date":"2020-02-12T18:06:45","date_gmt":"2020-02-12T18:06:45","guid":{"rendered":"https:\/\/emilianavineyard.com\/cms\/?page_id=69"},"modified":"2025-09-22T21:48:31","modified_gmt":"2025-09-23T00:48:31","slug":"chardonnay","status":"publish","type":"page","link":"https:\/\/www.emiliana.cl\/pt\/vinos\/adobe\/chardonnay\/","title":{"rendered":"CHARDONNAY"},"content":{"rendered":"<p><\/p>\n<p class=\"p1\">De cor amarela suave, clara e brilhante. Apresenta aromas frescos de frutas c\u00edtricas como grapefruit e lima, misturados com delicadas notas de frutas tropicais, especialmente abacaxi, e toques suaves de ervas. Na boca \u00e9 um vinho equilibrado, fresco e frutado, com uma textura aveludada e uma finaliza\u00e7\u00e3o agrad\u00e1vel e persistente.<\/p>\n<p><\/p>","protected":false},"excerpt":{"rendered":"<p>De cor amarela suave, clara e brilhante. Apresenta aromas frescos de frutas c\u00edtricas como grapefruit e lima, misturados com delicadas notas de frutas tropicais, especialmente abacaxi, e toques suaves de ervas. Na boca \u00e9 um vinho equilibrado, fresco e frutado, com uma textura aveludada e uma finaliza\u00e7\u00e3o agrad\u00e1vel e persistente.<\/p>\n","protected":false},"author":2,"featured_media":3986,"parent":33,"menu_order":8,"comment_status":"closed","ping_status":"closed","template":"","meta":{"footnotes":""},"class_list":["post-69","page","type-page","status-publish","has-post-thumbnail","hentry"],"acf":[],"_links":{"self":[{"href":"https:\/\/www.emiliana.cl\/pt\/wp-json\/wp\/v2\/pages\/69","targetHints":{"allow":["GET"]}}],"collection":[{"href":"https:\/\/www.emiliana.cl\/pt\/wp-json\/wp\/v2\/pages"}],"about":[{"href":"https:\/\/www.emiliana.cl\/pt\/wp-json\/wp\/v2\/types\/page"}],"author":[{"embeddable":true,"href":"https:\/\/www.emiliana.cl\/pt\/wp-json\/wp\/v2\/users\/2"}],"replies":[{"embeddable":true,"href":"https:\/\/www.emiliana.cl\/pt\/wp-json\/wp\/v2\/comments?post=69"}],"version-history":[{"count":30,"href":"https:\/\/www.emiliana.cl\/pt\/wp-json\/wp\/v2\/pages\/69\/revisions"}],"predecessor-version":[{"id":4005,"href":"https:\/\/www.emiliana.cl\/pt\/wp-json\/wp\/v2\/pages\/69\/revisions\/4005"}],"up":[{"embeddable":true,"href":"https:\/\/www.emiliana.cl\/pt\/wp-json\/wp\/v2\/pages\/33"}],"wp:featuredmedia":[{"embeddable":true,"href":"https:\/\/www.emiliana.cl\/pt\/wp-json\/wp\/v2\/media\/3986"}],"wp:attachment":[{"href":"https:\/\/www.emiliana.cl\/pt\/wp-json\/wp\/v2\/media?parent=69"}],"curies":[{"name":"wp","href":"https:\/\/api.w.org\/{rel}","templated":true}]}}