{"id":67,"date":"2020-02-12T18:06:04","date_gmt":"2020-02-12T18:06:04","guid":{"rendered":"https:\/\/emilianavineyard.com\/cms\/?page_id=67"},"modified":"2025-09-22T21:51:32","modified_gmt":"2025-09-23T00:51:32","slug":"gewurztraminer","status":"publish","type":"page","link":"https:\/\/www.emiliana.cl\/pt\/vinos\/adobe\/gewurztraminer\/","title":{"rendered":"GEW\u00dcRZTRAMINER"},"content":{"rendered":"<p><\/p>\n<p class=\"p1\">De cor amarelo p\u00e1lido, claro e transparente. No nariz, seus aromas florais de jasmim se destacam, com toques de ervas e lichia com notas de mel. Na boca, notas florais e frutadas de ma\u00e7\u00e3, damasco e tangerina reaparecem. Apresenta um bom volume e seu final \u00e9 saboroso e persistente, deixando uma agrad\u00e1vel sensa\u00e7\u00e3o de do\u00e7ura e frutado.<\/p>\n<p><\/p>","protected":false},"excerpt":{"rendered":"<p>De cor amarelo p\u00e1lido, claro e transparente. No nariz, seus aromas florais de jasmim se destacam, com toques de ervas e lichia com notas de mel. Na boca, notas florais e frutadas de ma\u00e7\u00e3, damasco e tangerina reaparecem. Apresenta um bom volume e seu final \u00e9 saboroso e persistente, deixando uma agrad\u00e1vel sensa\u00e7\u00e3o de do\u00e7ura [&hellip;]<\/p>\n","protected":false},"author":2,"featured_media":3989,"parent":33,"menu_order":11,"comment_status":"closed","ping_status":"closed","template":"","meta":{"footnotes":""},"class_list":["post-67","page","type-page","status-publish","has-post-thumbnail","hentry"],"acf":[],"_links":{"self":[{"href":"https:\/\/www.emiliana.cl\/pt\/wp-json\/wp\/v2\/pages\/67","targetHints":{"allow":["GET"]}}],"collection":[{"href":"https:\/\/www.emiliana.cl\/pt\/wp-json\/wp\/v2\/pages"}],"about":[{"href":"https:\/\/www.emiliana.cl\/pt\/wp-json\/wp\/v2\/types\/page"}],"author":[{"embeddable":true,"href":"https:\/\/www.emiliana.cl\/pt\/wp-json\/wp\/v2\/users\/2"}],"replies":[{"embeddable":true,"href":"https:\/\/www.emiliana.cl\/pt\/wp-json\/wp\/v2\/comments?post=67"}],"version-history":[{"count":22,"href":"https:\/\/www.emiliana.cl\/pt\/wp-json\/wp\/v2\/pages\/67\/revisions"}],"predecessor-version":[{"id":4007,"href":"https:\/\/www.emiliana.cl\/pt\/wp-json\/wp\/v2\/pages\/67\/revisions\/4007"}],"up":[{"embeddable":true,"href":"https:\/\/www.emiliana.cl\/pt\/wp-json\/wp\/v2\/pages\/33"}],"wp:featuredmedia":[{"embeddable":true,"href":"https:\/\/www.emiliana.cl\/pt\/wp-json\/wp\/v2\/media\/3989"}],"wp:attachment":[{"href":"https:\/\/www.emiliana.cl\/pt\/wp-json\/wp\/v2\/media?parent=67"}],"curies":[{"name":"wp","href":"https:\/\/api.w.org\/{rel}","templated":true}]}}