{"id":65,"date":"2020-02-12T18:05:13","date_gmt":"2020-02-12T18:05:13","guid":{"rendered":"https:\/\/emilianavineyard.com\/cms\/?page_id=65"},"modified":"2025-09-22T21:46:28","modified_gmt":"2025-09-23T00:46:28","slug":"rose","status":"publish","type":"page","link":"https:\/\/www.emiliana.cl\/pt\/vinos\/adobe\/rose\/","title":{"rendered":"ROS\u00c9"},"content":{"rendered":"<p><\/p>\n<p class=\"p1\">De cor rosa-p\u00e1lida brilhante. No nariz ele expressa aromas intensos de frutas, principalmente cereja e cassis. Na boca \u00e9 encorpado, sedoso e elegante, com grande frescor, frutado e bom equil\u00edbrio. Delicado e f\u00e1cil de beber.<\/p>\n<p><\/p>","protected":false},"excerpt":{"rendered":"<p>De cor rosa-p\u00e1lida brilhante. No nariz ele expressa aromas intensos de frutas, principalmente cereja e cassis. Na boca \u00e9 encorpado, sedoso e elegante, com grande frescor, frutado e bom equil\u00edbrio. Delicado e f\u00e1cil de beber.<\/p>\n","protected":false},"author":2,"featured_media":3987,"parent":33,"menu_order":7,"comment_status":"closed","ping_status":"closed","template":"","meta":{"footnotes":""},"class_list":["post-65","page","type-page","status-publish","has-post-thumbnail","hentry"],"acf":[],"_links":{"self":[{"href":"https:\/\/www.emiliana.cl\/pt\/wp-json\/wp\/v2\/pages\/65","targetHints":{"allow":["GET"]}}],"collection":[{"href":"https:\/\/www.emiliana.cl\/pt\/wp-json\/wp\/v2\/pages"}],"about":[{"href":"https:\/\/www.emiliana.cl\/pt\/wp-json\/wp\/v2\/types\/page"}],"author":[{"embeddable":true,"href":"https:\/\/www.emiliana.cl\/pt\/wp-json\/wp\/v2\/users\/2"}],"replies":[{"embeddable":true,"href":"https:\/\/www.emiliana.cl\/pt\/wp-json\/wp\/v2\/comments?post=65"}],"version-history":[{"count":24,"href":"https:\/\/www.emiliana.cl\/pt\/wp-json\/wp\/v2\/pages\/65\/revisions"}],"predecessor-version":[{"id":4002,"href":"https:\/\/www.emiliana.cl\/pt\/wp-json\/wp\/v2\/pages\/65\/revisions\/4002"}],"up":[{"embeddable":true,"href":"https:\/\/www.emiliana.cl\/pt\/wp-json\/wp\/v2\/pages\/33"}],"wp:featuredmedia":[{"embeddable":true,"href":"https:\/\/www.emiliana.cl\/pt\/wp-json\/wp\/v2\/media\/3987"}],"wp:attachment":[{"href":"https:\/\/www.emiliana.cl\/pt\/wp-json\/wp\/v2\/media?parent=65"}],"curies":[{"name":"wp","href":"https:\/\/api.w.org\/{rel}","templated":true}]}}