{"id":61,"date":"2020-02-12T18:03:17","date_gmt":"2020-02-12T18:03:17","guid":{"rendered":"https:\/\/emilianavineyard.com\/cms\/?page_id=61"},"modified":"2025-09-22T21:47:12","modified_gmt":"2025-09-23T00:47:12","slug":"syrah","status":"publish","type":"page","link":"https:\/\/www.emiliana.cl\/pt\/vinos\/adobe\/syrah\/","title":{"rendered":"SYRAH"},"content":{"rendered":"<p><\/p>\n<p class=\"p1\">De cor vermelho-ameixa com tons violeta, o nariz deste vinho \u00e9 delicado. Encontramos frutas como amoras e mirtilos, que s\u00e3o misturadas com notas frescas que lembram o alecrim. Tamb\u00e9m o alca\u00e7uz preto e notas de tabaco doce est\u00e3o presentes \u00e0 medida que o vinho respira. Na boca \u00e9 saboroso, voc\u00ea pode sentir frutas pretas maduras, notas de grafite, especiarias e ervas rasteiras. \u00c9 um vinho com taninos suaves, bom volume, cuja acidez fresca proporciona uma finaliza\u00e7\u00e3o longa e persistente.<\/p>\n<p><\/p>","protected":false},"excerpt":{"rendered":"<p>De cor vermelho-ameixa com tons violeta, o nariz deste vinho \u00e9 delicado. Encontramos frutas como amoras e mirtilos, que s\u00e3o misturadas com notas frescas que lembram o alecrim. Tamb\u00e9m o alca\u00e7uz preto e notas de tabaco doce est\u00e3o presentes \u00e0 medida que o vinho respira. Na boca \u00e9 saboroso, voc\u00ea pode sentir frutas pretas maduras, [&hellip;]<\/p>\n","protected":false},"author":2,"featured_media":3983,"parent":33,"menu_order":5,"comment_status":"closed","ping_status":"closed","template":"","meta":{"footnotes":""},"class_list":["post-61","page","type-page","status-publish","has-post-thumbnail","hentry"],"acf":[],"_links":{"self":[{"href":"https:\/\/www.emiliana.cl\/pt\/wp-json\/wp\/v2\/pages\/61","targetHints":{"allow":["GET"]}}],"collection":[{"href":"https:\/\/www.emiliana.cl\/pt\/wp-json\/wp\/v2\/pages"}],"about":[{"href":"https:\/\/www.emiliana.cl\/pt\/wp-json\/wp\/v2\/types\/page"}],"author":[{"embeddable":true,"href":"https:\/\/www.emiliana.cl\/pt\/wp-json\/wp\/v2\/users\/2"}],"replies":[{"embeddable":true,"href":"https:\/\/www.emiliana.cl\/pt\/wp-json\/wp\/v2\/comments?post=61"}],"version-history":[{"count":29,"href":"https:\/\/www.emiliana.cl\/pt\/wp-json\/wp\/v2\/pages\/61\/revisions"}],"predecessor-version":[{"id":4004,"href":"https:\/\/www.emiliana.cl\/pt\/wp-json\/wp\/v2\/pages\/61\/revisions\/4004"}],"up":[{"embeddable":true,"href":"https:\/\/www.emiliana.cl\/pt\/wp-json\/wp\/v2\/pages\/33"}],"wp:featuredmedia":[{"embeddable":true,"href":"https:\/\/www.emiliana.cl\/pt\/wp-json\/wp\/v2\/media\/3983"}],"wp:attachment":[{"href":"https:\/\/www.emiliana.cl\/pt\/wp-json\/wp\/v2\/media?parent=61"}],"curies":[{"name":"wp","href":"https:\/\/api.w.org\/{rel}","templated":true}]}}