{"id":48,"date":"2020-02-12T17:56:44","date_gmt":"2020-02-12T17:56:44","guid":{"rendered":"https:\/\/emilianavineyard.com\/cms\/?page_id=48"},"modified":"2025-09-22T19:26:10","modified_gmt":"2025-09-22T22:26:10","slug":"cabernet-sauvignon","status":"publish","type":"page","link":"https:\/\/www.emiliana.cl\/pt\/vinos\/adobe\/cabernet-sauvignon\/","title":{"rendered":"CABERNET SAUVIGNON"},"content":{"rendered":"<p><\/p>\n<p class=\"p1\">Vermelho rubi. Nariz fresco e frutado, com aromas que lembram cerejas combinadas com leves notas de grafite e fuma\u00e7a. Na boca, tem taninos agrad\u00e1veis e sedosos. \u00c9 um vinho de estrutura m\u00e9dia, equilibrado e suculento que \u00e9 f\u00e1cil de beber.<\/p>\n<p><\/p>","protected":false},"excerpt":{"rendered":"<p>Vermelho rubi. Nariz fresco e frutado, com aromas que lembram cerejas combinadas com leves notas de grafite e fuma\u00e7a. Na boca, tem taninos agrad\u00e1veis e sedosos. \u00c9 um vinho de estrutura m\u00e9dia, equilibrado e suculento que \u00e9 f\u00e1cil de beber.<\/p>\n","protected":false},"author":2,"featured_media":3978,"parent":33,"menu_order":1,"comment_status":"closed","ping_status":"closed","template":"","meta":{"footnotes":""},"class_list":["post-48","page","type-page","status-publish","has-post-thumbnail","hentry"],"acf":[],"_links":{"self":[{"href":"https:\/\/www.emiliana.cl\/pt\/wp-json\/wp\/v2\/pages\/48","targetHints":{"allow":["GET"]}}],"collection":[{"href":"https:\/\/www.emiliana.cl\/pt\/wp-json\/wp\/v2\/pages"}],"about":[{"href":"https:\/\/www.emiliana.cl\/pt\/wp-json\/wp\/v2\/types\/page"}],"author":[{"embeddable":true,"href":"https:\/\/www.emiliana.cl\/pt\/wp-json\/wp\/v2\/users\/2"}],"replies":[{"embeddable":true,"href":"https:\/\/www.emiliana.cl\/pt\/wp-json\/wp\/v2\/comments?post=48"}],"version-history":[{"count":44,"href":"https:\/\/www.emiliana.cl\/pt\/wp-json\/wp\/v2\/pages\/48\/revisions"}],"predecessor-version":[{"id":3979,"href":"https:\/\/www.emiliana.cl\/pt\/wp-json\/wp\/v2\/pages\/48\/revisions\/3979"}],"up":[{"embeddable":true,"href":"https:\/\/www.emiliana.cl\/pt\/wp-json\/wp\/v2\/pages\/33"}],"wp:featuredmedia":[{"embeddable":true,"href":"https:\/\/www.emiliana.cl\/pt\/wp-json\/wp\/v2\/media\/3978"}],"wp:attachment":[{"href":"https:\/\/www.emiliana.cl\/pt\/wp-json\/wp\/v2\/media?parent=48"}],"curies":[{"name":"wp","href":"https:\/\/api.w.org\/{rel}","templated":true}]}}