{"id":463,"date":"2020-06-15T08:48:48","date_gmt":"2020-06-15T08:48:48","guid":{"rendered":"https:\/\/emilianavineyard.com\/cms\/?page_id=463"},"modified":"2025-03-10T20:28:39","modified_gmt":"2025-03-10T20:28:39","slug":"manifesto","status":"publish","type":"page","link":"https:\/\/www.emiliana.cl\/pt\/nosotros\/manifesto\/","title":{"rendered":"MANIFESTO"},"content":{"rendered":"<p><\/p>\n<p class=\"p1\" style=\"text-align: center;\">Na Emiliana, n\u00e3o s\u00f3 acreditamos que a agricultura org\u00e2nica e biodin\u00e2mica \u00e9 a melhor maneira de criar vinhos, mas tamb\u00e9m temos a certeza de que \u00e9 um modo de vida que nos ajuda a projetar um futuro com respeito e sabedoria.<\/p>\n<p class=\"p1\" style=\"text-align: center;\">Somos org\u00e2nicos por convic\u00e7\u00e3o, por ideologia e por amor.<br \/>\nPara n\u00f3s, ser org\u00e2nico significa cuidar da natureza, proteger o meio ambiente e valorizar as pessoas que tornam poss\u00edvel que nossos vinhos cheguem \u00e0s ta\u00e7as das pessoas que nos preferem.<br \/>\nSomos org\u00e2nicos porque entendemos que, cuidando da terra e de seus frutos, a natureza pode se expressar de uma forma mais aut\u00eantica e \u00fanica.<\/p>\n<p class=\"p1\" style=\"text-align: center;\">E quando a natureza se expressa, ela move o mundo, desperta paix\u00f5es e provoca mudan\u00e7as. Ela nos abre caminhos para darmos nossos primeiros passos e nos inspira a criar obras \u00fanicas.<br \/>\nPor esta raz\u00e3o, continuaremos a avan\u00e7ar, inovar e trabalhar com paix\u00e3o todos os dias, com a convic\u00e7\u00e3o de que o futuro \u00e9 org\u00e2nico.<\/p>\n<p><\/p>","protected":false},"excerpt":{"rendered":"<p>Na Emiliana, n\u00e3o s\u00f3 acreditamos que a agricultura org\u00e2nica e biodin\u00e2mica \u00e9 a melhor maneira de criar vinhos, mas tamb\u00e9m temos a certeza de que \u00e9 um modo de vida que nos ajuda a projetar um futuro com respeito e sabedoria. Somos org\u00e2nicos por convic\u00e7\u00e3o, por ideologia e por amor. Para n\u00f3s, ser org\u00e2nico significa [&hellip;]<\/p>\n","protected":false},"author":3,"featured_media":643,"parent":459,"menu_order":1,"comment_status":"closed","ping_status":"closed","template":"","meta":{"footnotes":""},"class_list":["post-463","page","type-page","status-publish","has-post-thumbnail","hentry"],"acf":[],"_links":{"self":[{"href":"https:\/\/www.emiliana.cl\/pt\/wp-json\/wp\/v2\/pages\/463","targetHints":{"allow":["GET"]}}],"collection":[{"href":"https:\/\/www.emiliana.cl\/pt\/wp-json\/wp\/v2\/pages"}],"about":[{"href":"https:\/\/www.emiliana.cl\/pt\/wp-json\/wp\/v2\/types\/page"}],"author":[{"embeddable":true,"href":"https:\/\/www.emiliana.cl\/pt\/wp-json\/wp\/v2\/users\/3"}],"replies":[{"embeddable":true,"href":"https:\/\/www.emiliana.cl\/pt\/wp-json\/wp\/v2\/comments?post=463"}],"version-history":[{"count":35,"href":"https:\/\/www.emiliana.cl\/pt\/wp-json\/wp\/v2\/pages\/463\/revisions"}],"predecessor-version":[{"id":3726,"href":"https:\/\/www.emiliana.cl\/pt\/wp-json\/wp\/v2\/pages\/463\/revisions\/3726"}],"up":[{"embeddable":true,"href":"https:\/\/www.emiliana.cl\/pt\/wp-json\/wp\/v2\/pages\/459"}],"wp:featuredmedia":[{"embeddable":true,"href":"https:\/\/www.emiliana.cl\/pt\/wp-json\/wp\/v2\/media\/643"}],"wp:attachment":[{"href":"https:\/\/www.emiliana.cl\/pt\/wp-json\/wp\/v2\/media?parent=463"}],"curies":[{"name":"wp","href":"https:\/\/api.w.org\/{rel}","templated":true}]}}