{"id":45,"date":"2020-02-12T17:54:14","date_gmt":"2020-02-12T17:54:14","guid":{"rendered":"https:\/\/emilianavineyard.com\/cms\/?page_id=45"},"modified":"2025-12-10T18:19:20","modified_gmt":"2025-12-10T21:19:20","slug":"carignan","status":"publish","type":"page","link":"https:\/\/www.emiliana.cl\/pt\/vinos\/maycas\/carignan\/","title":{"rendered":"C"},"content":{"rendered":"<p><\/p>\n<p class=\"p1\">Nosso Carignan org\u00e2nico \u00e9 parte de VIGNO, um projeto colaborativo do Vale do Maule, no sul do Chile, que busca resgatar a heran\u00e7a de suas antigas vinhas e tradi\u00e7\u00f5es.<\/p>\n<p class=\"p1\">Vermelho p\u00farpura. Destacam-se frutas pretas, principalmente ameixa e notas delicadas de groselha vermelha. Com boa concentra\u00e7\u00e3o, taninos elegantes e robustos, \u00e9 um vinho vibrante em acidez e com uma finaliza\u00e7\u00e3o longa e complexa.<\/p>\n<p><\/p>","protected":false},"excerpt":{"rendered":"<p>Nosso Carignan org\u00e2nico \u00e9 parte de VIGNO, um projeto colaborativo do Vale do Maule, no sul do Chile, que busca resgatar a heran\u00e7a de suas antigas vinhas e tradi\u00e7\u00f5es. Vermelho p\u00farpura. Destacam-se frutas pretas, principalmente ameixa e notas delicadas de groselha vermelha. Com boa concentra\u00e7\u00e3o, taninos elegantes e robustos, \u00e9 um vinho vibrante em acidez [&hellip;]<\/p>\n","protected":false},"author":2,"featured_media":4057,"parent":27,"menu_order":1,"comment_status":"closed","ping_status":"closed","template":"","meta":{"footnotes":""},"class_list":["post-45","page","type-page","status-publish","has-post-thumbnail","hentry"],"acf":[],"_links":{"self":[{"href":"https:\/\/www.emiliana.cl\/pt\/wp-json\/wp\/v2\/pages\/45","targetHints":{"allow":["GET"]}}],"collection":[{"href":"https:\/\/www.emiliana.cl\/pt\/wp-json\/wp\/v2\/pages"}],"about":[{"href":"https:\/\/www.emiliana.cl\/pt\/wp-json\/wp\/v2\/types\/page"}],"author":[{"embeddable":true,"href":"https:\/\/www.emiliana.cl\/pt\/wp-json\/wp\/v2\/users\/2"}],"replies":[{"embeddable":true,"href":"https:\/\/www.emiliana.cl\/pt\/wp-json\/wp\/v2\/comments?post=45"}],"version-history":[{"count":26,"href":"https:\/\/www.emiliana.cl\/pt\/wp-json\/wp\/v2\/pages\/45\/revisions"}],"predecessor-version":[{"id":4066,"href":"https:\/\/www.emiliana.cl\/pt\/wp-json\/wp\/v2\/pages\/45\/revisions\/4066"}],"up":[{"embeddable":true,"href":"https:\/\/www.emiliana.cl\/pt\/wp-json\/wp\/v2\/pages\/27"}],"wp:featuredmedia":[{"embeddable":true,"href":"https:\/\/www.emiliana.cl\/pt\/wp-json\/wp\/v2\/media\/4057"}],"wp:attachment":[{"href":"https:\/\/www.emiliana.cl\/pt\/wp-json\/wp\/v2\/media?parent=45"}],"curies":[{"name":"wp","href":"https:\/\/api.w.org\/{rel}","templated":true}]}}