{"id":4043,"date":"2025-12-10T17:52:10","date_gmt":"2025-12-10T20:52:10","guid":{"rendered":"https:\/\/www.emiliana.cl\/?page_id=4043"},"modified":"2025-12-10T18:19:18","modified_gmt":"2025-12-10T21:19:18","slug":"pinot-noir","status":"publish","type":"page","link":"https:\/\/www.emiliana.cl\/pt\/vinos\/maycas\/pinot-noir\/","title":{"rendered":"(Espa\u00f1ol) PINOT NOIR"},"content":{"rendered":"<p class=\"qtranxs-available-languages-message qtranxs-available-languages-message-pt\">Desculpe, este conte\u00fado s\u00f3 est\u00e1 dispon\u00edvel em <a href=\"https:\/\/www.emiliana.cl\/es\/wp-json\/wp\/v2\/pages\/4043\" class=\"qtranxs-available-language-link qtranxs-available-language-link-es\" title=\"Espa\u00f1ol\">Espa\u00f1ol<\/a> e <a href=\"https:\/\/www.emiliana.cl\/en\/wp-json\/wp\/v2\/pages\/4043\" class=\"qtranxs-available-language-link qtranxs-available-language-link-en\" title=\"English\">English<\/a>.<\/p>","protected":false},"excerpt":{"rendered":"<p>Desculpe, este conte\u00fado s\u00f3 est\u00e1 dispon\u00edvel em Espa\u00f1ol e English.<\/p>\n","protected":false},"author":9,"featured_media":4048,"parent":27,"menu_order":2,"comment_status":"closed","ping_status":"closed","template":"","meta":{"footnotes":""},"class_list":["post-4043","page","type-page","status-publish","has-post-thumbnail","hentry"],"acf":[],"_links":{"self":[{"href":"https:\/\/www.emiliana.cl\/pt\/wp-json\/wp\/v2\/pages\/4043","targetHints":{"allow":["GET"]}}],"collection":[{"href":"https:\/\/www.emiliana.cl\/pt\/wp-json\/wp\/v2\/pages"}],"about":[{"href":"https:\/\/www.emiliana.cl\/pt\/wp-json\/wp\/v2\/types\/page"}],"author":[{"embeddable":true,"href":"https:\/\/www.emiliana.cl\/pt\/wp-json\/wp\/v2\/users\/9"}],"replies":[{"embeddable":true,"href":"https:\/\/www.emiliana.cl\/pt\/wp-json\/wp\/v2\/comments?post=4043"}],"version-history":[{"count":9,"href":"https:\/\/www.emiliana.cl\/pt\/wp-json\/wp\/v2\/pages\/4043\/revisions"}],"predecessor-version":[{"id":4065,"href":"https:\/\/www.emiliana.cl\/pt\/wp-json\/wp\/v2\/pages\/4043\/revisions\/4065"}],"up":[{"embeddable":true,"href":"https:\/\/www.emiliana.cl\/pt\/wp-json\/wp\/v2\/pages\/27"}],"wp:featuredmedia":[{"embeddable":true,"href":"https:\/\/www.emiliana.cl\/pt\/wp-json\/wp\/v2\/media\/4048"}],"wp:attachment":[{"href":"https:\/\/www.emiliana.cl\/pt\/wp-json\/wp\/v2\/media?parent=4043"}],"curies":[{"name":"wp","href":"https:\/\/api.w.org\/{rel}","templated":true}]}}