{"id":3447,"date":"2023-07-02T15:41:35","date_gmt":"2023-07-02T15:41:35","guid":{"rendered":"https:\/\/www.emiliana.cl\/?page_id=3447"},"modified":"2025-09-12T18:40:28","modified_gmt":"2025-09-12T21:40:28","slug":"malbec","status":"publish","type":"page","link":"https:\/\/www.emiliana.cl\/pt\/vinos\/57-rocas\/malbec\/","title":{"rendered":"MALBEC"},"content":{"rendered":"<p class=\"qtranxs-available-languages-message qtranxs-available-languages-message-pt\">Desculpe, este conte\u00fado s\u00f3 est\u00e1 dispon\u00edvel em <a href=\"https:\/\/www.emiliana.cl\/es\/wp-json\/wp\/v2\/pages\/3447\" class=\"qtranxs-available-language-link qtranxs-available-language-link-es\" title=\"Espa\u00f1ol\">Espa\u00f1ol<\/a> e <a href=\"https:\/\/www.emiliana.cl\/en\/wp-json\/wp\/v2\/pages\/3447\" class=\"qtranxs-available-language-link qtranxs-available-language-link-en\" title=\"English\">English<\/a>.<\/p>","protected":false},"excerpt":{"rendered":"<p>Desculpe, este conte\u00fado s\u00f3 est\u00e1 dispon\u00edvel em Espa\u00f1ol e English.<\/p>\n","protected":false},"author":4,"featured_media":3451,"parent":3006,"menu_order":2,"comment_status":"closed","ping_status":"closed","template":"","meta":{"footnotes":""},"class_list":["post-3447","page","type-page","status-publish","has-post-thumbnail","hentry"],"acf":[],"_links":{"self":[{"href":"https:\/\/www.emiliana.cl\/pt\/wp-json\/wp\/v2\/pages\/3447","targetHints":{"allow":["GET"]}}],"collection":[{"href":"https:\/\/www.emiliana.cl\/pt\/wp-json\/wp\/v2\/pages"}],"about":[{"href":"https:\/\/www.emiliana.cl\/pt\/wp-json\/wp\/v2\/types\/page"}],"author":[{"embeddable":true,"href":"https:\/\/www.emiliana.cl\/pt\/wp-json\/wp\/v2\/users\/4"}],"replies":[{"embeddable":true,"href":"https:\/\/www.emiliana.cl\/pt\/wp-json\/wp\/v2\/comments?post=3447"}],"version-history":[{"count":5,"href":"https:\/\/www.emiliana.cl\/pt\/wp-json\/wp\/v2\/pages\/3447\/revisions"}],"predecessor-version":[{"id":3934,"href":"https:\/\/www.emiliana.cl\/pt\/wp-json\/wp\/v2\/pages\/3447\/revisions\/3934"}],"up":[{"embeddable":true,"href":"https:\/\/www.emiliana.cl\/pt\/wp-json\/wp\/v2\/pages\/3006"}],"wp:featuredmedia":[{"embeddable":true,"href":"https:\/\/www.emiliana.cl\/pt\/wp-json\/wp\/v2\/media\/3451"}],"wp:attachment":[{"href":"https:\/\/www.emiliana.cl\/pt\/wp-json\/wp\/v2\/media?parent=3447"}],"curies":[{"name":"wp","href":"https:\/\/api.w.org\/{rel}","templated":true}]}}