{"id":3013,"date":"2022-07-19T21:42:00","date_gmt":"2022-07-19T21:42:00","guid":{"rendered":"https:\/\/www.emiliana.cl\/?page_id=3013"},"modified":"2025-09-12T18:39:56","modified_gmt":"2025-09-12T21:39:56","slug":"carmenere","status":"publish","type":"page","link":"https:\/\/www.emiliana.cl\/pt\/vinos\/57-rocas\/carmenere\/","title":{"rendered":"CARMENERE"},"content":{"rendered":"<p>Cor vermelha cereja profunda. No nariz, aromas intensos de frutas<br \/>\nvermelhas, tais como cerejas e ameixas pretas, tra\u00e7os de rosa mosqueta e a presen\u00e7a de notas<br \/>\npicantes que lembram o louro, o cedro e a pimenta do reino. No paladar, \u00e9 um vinho de grande<br \/>\nharmonia e eleg\u00e2ncia combinando bom volume e rica acidez.<\/p>","protected":false},"excerpt":{"rendered":"<p>Cor vermelha cereja profunda. No nariz, aromas intensos de frutas vermelhas, tais como cerejas e ameixas pretas, tra\u00e7os de rosa mosqueta e a presen\u00e7a de notas picantes que lembram o louro, o cedro e a pimenta do reino. No paladar, \u00e9 um vinho de grande harmonia e eleg\u00e2ncia combinando bom volume e rica acidez.<\/p>\n","protected":false},"author":4,"featured_media":3015,"parent":3006,"menu_order":1,"comment_status":"closed","ping_status":"closed","template":"","meta":{"footnotes":""},"class_list":["post-3013","page","type-page","status-publish","has-post-thumbnail","hentry"],"acf":[],"_links":{"self":[{"href":"https:\/\/www.emiliana.cl\/pt\/wp-json\/wp\/v2\/pages\/3013","targetHints":{"allow":["GET"]}}],"collection":[{"href":"https:\/\/www.emiliana.cl\/pt\/wp-json\/wp\/v2\/pages"}],"about":[{"href":"https:\/\/www.emiliana.cl\/pt\/wp-json\/wp\/v2\/types\/page"}],"author":[{"embeddable":true,"href":"https:\/\/www.emiliana.cl\/pt\/wp-json\/wp\/v2\/users\/4"}],"replies":[{"embeddable":true,"href":"https:\/\/www.emiliana.cl\/pt\/wp-json\/wp\/v2\/comments?post=3013"}],"version-history":[{"count":27,"href":"https:\/\/www.emiliana.cl\/pt\/wp-json\/wp\/v2\/pages\/3013\/revisions"}],"predecessor-version":[{"id":3933,"href":"https:\/\/www.emiliana.cl\/pt\/wp-json\/wp\/v2\/pages\/3013\/revisions\/3933"}],"up":[{"embeddable":true,"href":"https:\/\/www.emiliana.cl\/pt\/wp-json\/wp\/v2\/pages\/3006"}],"wp:featuredmedia":[{"embeddable":true,"href":"https:\/\/www.emiliana.cl\/pt\/wp-json\/wp\/v2\/media\/3015"}],"wp:attachment":[{"href":"https:\/\/www.emiliana.cl\/pt\/wp-json\/wp\/v2\/media?parent=3013"}],"curies":[{"name":"wp","href":"https:\/\/api.w.org\/{rel}","templated":true}]}}