{"id":3006,"date":"2022-07-19T21:29:03","date_gmt":"2022-07-19T21:29:03","guid":{"rendered":"https:\/\/www.emiliana.cl\/?page_id=3006"},"modified":"2023-07-02T15:31:47","modified_gmt":"2023-07-02T15:31:47","slug":"57-rocas","status":"publish","type":"page","link":"https:\/\/www.emiliana.cl\/pt\/vinos\/57-rocas\/","title":{"rendered":"57 Rocas"},"content":{"rendered":"<p><\/p>\n<p class=\"p1\"><span class=\"s1\">Cincuenta y siete son las rocas ubicadas en el coraz\u00f3n del Fundo Los Robles, las que ven crecer a su alrededor las uvas org\u00e1nicas y biodin\u00e1micas que dan origen a este nuevo proyecto. <\/span><\/p>\n<p class=\"p1\"><span class=\"s1\">Fiel representante de su y terroir, es tambi\u00e9n el reflejo de una perfecta armon\u00eda entre los elementos de la naturaleza, un respetuoso trabajo de la tierra y el cuidado del medioambiente. <\/span><\/p>\n<p class=\"p1\"><span class=\"s1\">Lo que da como resultado un vino org\u00e1nico \u00fanico y de indiscutible calidad.<\/span><\/p>\n<p><\/p>","protected":false},"excerpt":{"rendered":"<p>Cincuenta y siete son las rocas ubicadas en el coraz\u00f3n del Fundo Los Robles, las que ven crecer a su alrededor las uvas org\u00e1nicas y biodin\u00e1micas que dan origen a este nuevo proyecto. Fiel representante de su y terroir, es tambi\u00e9n el reflejo de una perfecta armon\u00eda entre los elementos de la naturaleza, un respetuoso [&hellip;]<\/p>\n","protected":false},"author":4,"featured_media":3028,"parent":7,"menu_order":8,"comment_status":"closed","ping_status":"closed","template":"","meta":{"footnotes":""},"class_list":["post-3006","page","type-page","status-publish","has-post-thumbnail","hentry"],"acf":[],"_links":{"self":[{"href":"https:\/\/www.emiliana.cl\/pt\/wp-json\/wp\/v2\/pages\/3006","targetHints":{"allow":["GET"]}}],"collection":[{"href":"https:\/\/www.emiliana.cl\/pt\/wp-json\/wp\/v2\/pages"}],"about":[{"href":"https:\/\/www.emiliana.cl\/pt\/wp-json\/wp\/v2\/types\/page"}],"author":[{"embeddable":true,"href":"https:\/\/www.emiliana.cl\/pt\/wp-json\/wp\/v2\/users\/4"}],"replies":[{"embeddable":true,"href":"https:\/\/www.emiliana.cl\/pt\/wp-json\/wp\/v2\/comments?post=3006"}],"version-history":[{"count":6,"href":"https:\/\/www.emiliana.cl\/pt\/wp-json\/wp\/v2\/pages\/3006\/revisions"}],"predecessor-version":[{"id":3446,"href":"https:\/\/www.emiliana.cl\/pt\/wp-json\/wp\/v2\/pages\/3006\/revisions\/3446"}],"up":[{"embeddable":true,"href":"https:\/\/www.emiliana.cl\/pt\/wp-json\/wp\/v2\/pages\/7"}],"wp:featuredmedia":[{"embeddable":true,"href":"https:\/\/www.emiliana.cl\/pt\/wp-json\/wp\/v2\/media\/3028"}],"wp:attachment":[{"href":"https:\/\/www.emiliana.cl\/pt\/wp-json\/wp\/v2\/media?parent=3006"}],"curies":[{"name":"wp","href":"https:\/\/api.w.org\/{rel}","templated":true}]}}