{"id":2843,"date":"2021-12-20T19:41:02","date_gmt":"2021-12-20T19:41:02","guid":{"rendered":"https:\/\/www.emiliana.cl\/?page_id=2843"},"modified":"2023-04-03T17:44:01","modified_gmt":"2023-04-03T17:44:01","slug":"rose","status":"publish","type":"page","link":"https:\/\/www.emiliana.cl\/pt\/vinos\/tais\/rose\/","title":{"rendered":"Ros\u00e9"},"content":{"rendered":"<p>Elaborado com uvas Pinot Noir org\u00e2nicas do Vale do Casablanca, e ap\u00f3s um processo baseado em detalhes nasce o Tais. Um vinho ros\u00e9 elegante, delicado e sofisticado com aromas expressivos a frutos vermelhos e notas c\u00edtricas. Um vinho \u00fanico na sua categoria que ir\u00e1, sem d\u00favida, surpreender os amantes do ros\u00e9 que procuram um vinho complexo e de grande qualidade.<\/p>","protected":false},"excerpt":{"rendered":"<p>Elaborado com uvas Pinot Noir org\u00e2nicas do Vale do Casablanca, e ap\u00f3s um processo baseado em detalhes nasce o Tais. Um vinho ros\u00e9 elegante, delicado e sofisticado com aromas expressivos a frutos vermelhos e notas c\u00edtricas. Um vinho \u00fanico na sua categoria que ir\u00e1, sem d\u00favida, surpreender os amantes do ros\u00e9 que procuram um vinho [&hellip;]<\/p>\n","protected":false},"author":4,"featured_media":2827,"parent":2821,"menu_order":0,"comment_status":"closed","ping_status":"closed","template":"","meta":{"footnotes":""},"class_list":["post-2843","page","type-page","status-publish","has-post-thumbnail","hentry"],"acf":[],"_links":{"self":[{"href":"https:\/\/www.emiliana.cl\/pt\/wp-json\/wp\/v2\/pages\/2843","targetHints":{"allow":["GET"]}}],"collection":[{"href":"https:\/\/www.emiliana.cl\/pt\/wp-json\/wp\/v2\/pages"}],"about":[{"href":"https:\/\/www.emiliana.cl\/pt\/wp-json\/wp\/v2\/types\/page"}],"author":[{"embeddable":true,"href":"https:\/\/www.emiliana.cl\/pt\/wp-json\/wp\/v2\/users\/4"}],"replies":[{"embeddable":true,"href":"https:\/\/www.emiliana.cl\/pt\/wp-json\/wp\/v2\/comments?post=2843"}],"version-history":[{"count":20,"href":"https:\/\/www.emiliana.cl\/pt\/wp-json\/wp\/v2\/pages\/2843\/revisions"}],"predecessor-version":[{"id":3336,"href":"https:\/\/www.emiliana.cl\/pt\/wp-json\/wp\/v2\/pages\/2843\/revisions\/3336"}],"up":[{"embeddable":true,"href":"https:\/\/www.emiliana.cl\/pt\/wp-json\/wp\/v2\/pages\/2821"}],"wp:featuredmedia":[{"embeddable":true,"href":"https:\/\/www.emiliana.cl\/pt\/wp-json\/wp\/v2\/media\/2827"}],"wp:attachment":[{"href":"https:\/\/www.emiliana.cl\/pt\/wp-json\/wp\/v2\/media?parent=2843"}],"curies":[{"name":"wp","href":"https:\/\/api.w.org\/{rel}","templated":true}]}}