{"id":15,"date":"2020-02-12T17:37:55","date_gmt":"2020-02-12T17:37:55","guid":{"rendered":"https:\/\/emilianavineyard.com\/cms\/?page_id=15"},"modified":"2021-04-05T14:38:57","modified_gmt":"2021-04-05T14:38:57","slug":"visitanos","status":"publish","type":"page","link":"https:\/\/www.emiliana.cl\/pt\/visitanos\/","title":{"rendered":"Visite-nos"},"content":{"rendered":"<p class=\"qtranxs-available-languages-message qtranxs-available-languages-message-pt\">Desculpe, este conte\u00fado s\u00f3 est\u00e1 dispon\u00edvel em <a href=\"https:\/\/www.emiliana.cl\/es\/wp-json\/wp\/v2\/pages\/15\" class=\"qtranxs-available-language-link qtranxs-available-language-link-es\" title=\"Espa\u00f1ol\">Espa\u00f1ol<\/a> e <a href=\"https:\/\/www.emiliana.cl\/en\/wp-json\/wp\/v2\/pages\/15\" class=\"qtranxs-available-language-link qtranxs-available-language-link-en\" title=\"English\">English<\/a>.<\/p>","protected":false},"excerpt":{"rendered":"<p>Desculpe, este conte\u00fado s\u00f3 est\u00e1 dispon\u00edvel em Espa\u00f1ol e English.<\/p>\n","protected":false},"author":2,"featured_media":196,"parent":0,"menu_order":5,"comment_status":"closed","ping_status":"closed","template":"","meta":{"footnotes":""},"class_list":["post-15","page","type-page","status-publish","has-post-thumbnail","hentry"],"acf":[],"_links":{"self":[{"href":"https:\/\/www.emiliana.cl\/pt\/wp-json\/wp\/v2\/pages\/15","targetHints":{"allow":["GET"]}}],"collection":[{"href":"https:\/\/www.emiliana.cl\/pt\/wp-json\/wp\/v2\/pages"}],"about":[{"href":"https:\/\/www.emiliana.cl\/pt\/wp-json\/wp\/v2\/types\/page"}],"author":[{"embeddable":true,"href":"https:\/\/www.emiliana.cl\/pt\/wp-json\/wp\/v2\/users\/2"}],"replies":[{"embeddable":true,"href":"https:\/\/www.emiliana.cl\/pt\/wp-json\/wp\/v2\/comments?post=15"}],"version-history":[{"count":10,"href":"https:\/\/www.emiliana.cl\/pt\/wp-json\/wp\/v2\/pages\/15\/revisions"}],"predecessor-version":[{"id":2398,"href":"https:\/\/www.emiliana.cl\/pt\/wp-json\/wp\/v2\/pages\/15\/revisions\/2398"}],"wp:featuredmedia":[{"embeddable":true,"href":"https:\/\/www.emiliana.cl\/pt\/wp-json\/wp\/v2\/media\/196"}],"wp:attachment":[{"href":"https:\/\/www.emiliana.cl\/pt\/wp-json\/wp\/v2\/media?parent=15"}],"curies":[{"name":"wp","href":"https:\/\/api.w.org\/{rel}","templated":true}]}}