{"id":111,"date":"2020-02-12T18:27:09","date_gmt":"2020-02-12T18:27:09","guid":{"rendered":"https:\/\/emilianavineyard.com\/cms\/?page_id=111"},"modified":"2025-06-10T22:24:55","modified_gmt":"2025-06-10T22:24:55","slug":"syrah-roussanne","status":"publish","type":"page","link":"https:\/\/www.emiliana.cl\/pt\/vinos\/salvaje\/syrah-roussanne\/","title":{"rendered":"SYRAH \/ ROUSANNE"},"content":{"rendered":"<p><\/p>\n<p class=\"p1\">Salvaje \u00e9 um vinho org\u00e2nico sem adi\u00e7\u00e3o de sulfitos, e \u00e9 o resultado de uma gest\u00e3o meticulosa da vinha e de uma rela\u00e7\u00e3o \u00edntima com a natureza, que nos permite alcan\u00e7ar a m\u00e1xima express\u00e3o do <i>terroir<\/i>.<\/p>\n<p class=\"p1\">Cor vermelha p\u00farpura intensa. Explos\u00e3o de frutas em nariz com predomin\u00e2ncia de amora, ameixa vermelha e cassis. Aromas florais sutis que lembram a lavanda e um toque de especiarias com notas de canela. O car\u00e1ter frutado deste vinho o torna doce no paladar, equilibrado com uma rica acidez que lhe confere frescor e taninos finos que o arredondam.<\/p>\n<p><\/p>","protected":false},"excerpt":{"rendered":"<p>Salvaje \u00e9 um vinho org\u00e2nico sem adi\u00e7\u00e3o de sulfitos, e \u00e9 o resultado de uma gest\u00e3o meticulosa da vinha e de uma rela\u00e7\u00e3o \u00edntima com a natureza, que nos permite alcan\u00e7ar a m\u00e1xima express\u00e3o do terroir. Cor vermelha p\u00farpura intensa. Explos\u00e3o de frutas em nariz com predomin\u00e2ncia de amora, ameixa vermelha e cassis. Aromas florais [&hellip;]<\/p>\n","protected":false},"author":2,"featured_media":3225,"parent":35,"menu_order":0,"comment_status":"closed","ping_status":"closed","template":"","meta":{"footnotes":""},"class_list":["post-111","page","type-page","status-publish","has-post-thumbnail","hentry"],"acf":[],"_links":{"self":[{"href":"https:\/\/www.emiliana.cl\/pt\/wp-json\/wp\/v2\/pages\/111","targetHints":{"allow":["GET"]}}],"collection":[{"href":"https:\/\/www.emiliana.cl\/pt\/wp-json\/wp\/v2\/pages"}],"about":[{"href":"https:\/\/www.emiliana.cl\/pt\/wp-json\/wp\/v2\/types\/page"}],"author":[{"embeddable":true,"href":"https:\/\/www.emiliana.cl\/pt\/wp-json\/wp\/v2\/users\/2"}],"replies":[{"embeddable":true,"href":"https:\/\/www.emiliana.cl\/pt\/wp-json\/wp\/v2\/comments?post=111"}],"version-history":[{"count":21,"href":"https:\/\/www.emiliana.cl\/pt\/wp-json\/wp\/v2\/pages\/111\/revisions"}],"predecessor-version":[{"id":3827,"href":"https:\/\/www.emiliana.cl\/pt\/wp-json\/wp\/v2\/pages\/111\/revisions\/3827"}],"up":[{"embeddable":true,"href":"https:\/\/www.emiliana.cl\/pt\/wp-json\/wp\/v2\/pages\/35"}],"wp:featuredmedia":[{"embeddable":true,"href":"https:\/\/www.emiliana.cl\/pt\/wp-json\/wp\/v2\/media\/3225"}],"wp:attachment":[{"href":"https:\/\/www.emiliana.cl\/pt\/wp-json\/wp\/v2\/media?parent=111"}],"curies":[{"name":"wp","href":"https:\/\/api.w.org\/{rel}","templated":true}]}}