{"id":103,"date":"2020-02-12T18:23:04","date_gmt":"2020-02-12T18:23:04","guid":{"rendered":"https:\/\/emilianavineyard.com\/cms\/?page_id=103"},"modified":"2025-09-15T20:40:35","modified_gmt":"2025-09-15T23:40:35","slug":"sauvignon-blanc","status":"publish","type":"page","link":"https:\/\/www.emiliana.cl\/pt\/vinos\/novas\/sauvignon-blanc\/","title":{"rendered":"SAUVIGNON BLANC"},"content":{"rendered":"<p><\/p>\n<p class=\"p1\">Um vinho de cor amarelo-esverdeada, com aromas c\u00edtricos e de erva fresca de endro, salinidade e calc\u00e1rio, com notas de pimenta branca e malagueta verde. Em boca \u00e9 sedoso, refrescante com uma longa acidez, encorpada e de agrad\u00e1vel persist\u00eancia.<\/p>\n<p><\/p>","protected":false},"excerpt":{"rendered":"<p>Um vinho de cor amarelo-esverdeada, com aromas c\u00edtricos e de erva fresca de endro, salinidade e calc\u00e1rio, com notas de pimenta branca e malagueta verde. Em boca \u00e9 sedoso, refrescante com uma longa acidez, encorpada e de agrad\u00e1vel persist\u00eancia.<\/p>\n","protected":false},"author":2,"featured_media":3944,"parent":31,"menu_order":4,"comment_status":"closed","ping_status":"closed","template":"","meta":{"footnotes":""},"class_list":["post-103","page","type-page","status-publish","has-post-thumbnail","hentry"],"acf":[],"_links":{"self":[{"href":"https:\/\/www.emiliana.cl\/pt\/wp-json\/wp\/v2\/pages\/103","targetHints":{"allow":["GET"]}}],"collection":[{"href":"https:\/\/www.emiliana.cl\/pt\/wp-json\/wp\/v2\/pages"}],"about":[{"href":"https:\/\/www.emiliana.cl\/pt\/wp-json\/wp\/v2\/types\/page"}],"author":[{"embeddable":true,"href":"https:\/\/www.emiliana.cl\/pt\/wp-json\/wp\/v2\/users\/2"}],"replies":[{"embeddable":true,"href":"https:\/\/www.emiliana.cl\/pt\/wp-json\/wp\/v2\/comments?post=103"}],"version-history":[{"count":26,"href":"https:\/\/www.emiliana.cl\/pt\/wp-json\/wp\/v2\/pages\/103\/revisions"}],"predecessor-version":[{"id":3962,"href":"https:\/\/www.emiliana.cl\/pt\/wp-json\/wp\/v2\/pages\/103\/revisions\/3962"}],"up":[{"embeddable":true,"href":"https:\/\/www.emiliana.cl\/pt\/wp-json\/wp\/v2\/pages\/31"}],"wp:featuredmedia":[{"embeddable":true,"href":"https:\/\/www.emiliana.cl\/pt\/wp-json\/wp\/v2\/media\/3944"}],"wp:attachment":[{"href":"https:\/\/www.emiliana.cl\/pt\/wp-json\/wp\/v2\/media?parent=103"}],"curies":[{"name":"wp","href":"https:\/\/api.w.org\/{rel}","templated":true}]}}