{"id":101,"date":"2020-02-12T18:22:18","date_gmt":"2020-02-12T18:22:18","guid":{"rendered":"https:\/\/emilianavineyard.com\/cms\/?page_id=101"},"modified":"2025-09-15T20:36:54","modified_gmt":"2025-09-15T23:36:54","slug":"pinot-noir","status":"publish","type":"page","link":"https:\/\/www.emiliana.cl\/pt\/vinos\/novas\/pinot-noir\/","title":{"rendered":"PINOT NOIR"},"content":{"rendered":"<p><\/p>\n<p class=\"p1\">Vermelho rubi escuro. Intenso e com notas de frutas, principalmente morango e cassis, um pouco de terra \u00famida e leves toques florais. Em boca \u00e9 doce e possui taninos suaves que proporcionam boa complexidade, que d\u00e3o a este vinho equil\u00edbrio e um \u00f3timo final frutado.<\/p>\n<p><\/p>","protected":false},"excerpt":{"rendered":"<p>Vermelho rubi escuro. Intenso e com notas de frutas, principalmente morango e cassis, um pouco de terra \u00famida e leves toques florais. Em boca \u00e9 doce e possui taninos suaves que proporcionam boa complexidade, que d\u00e3o a este vinho equil\u00edbrio e um \u00f3timo final frutado.<\/p>\n","protected":false},"author":2,"featured_media":3942,"parent":31,"menu_order":3,"comment_status":"closed","ping_status":"closed","template":"","meta":{"footnotes":""},"class_list":["post-101","page","type-page","status-publish","has-post-thumbnail","hentry"],"acf":[],"_links":{"self":[{"href":"https:\/\/www.emiliana.cl\/pt\/wp-json\/wp\/v2\/pages\/101","targetHints":{"allow":["GET"]}}],"collection":[{"href":"https:\/\/www.emiliana.cl\/pt\/wp-json\/wp\/v2\/pages"}],"about":[{"href":"https:\/\/www.emiliana.cl\/pt\/wp-json\/wp\/v2\/types\/page"}],"author":[{"embeddable":true,"href":"https:\/\/www.emiliana.cl\/pt\/wp-json\/wp\/v2\/users\/2"}],"replies":[{"embeddable":true,"href":"https:\/\/www.emiliana.cl\/pt\/wp-json\/wp\/v2\/comments?post=101"}],"version-history":[{"count":27,"href":"https:\/\/www.emiliana.cl\/pt\/wp-json\/wp\/v2\/pages\/101\/revisions"}],"predecessor-version":[{"id":3957,"href":"https:\/\/www.emiliana.cl\/pt\/wp-json\/wp\/v2\/pages\/101\/revisions\/3957"}],"up":[{"embeddable":true,"href":"https:\/\/www.emiliana.cl\/pt\/wp-json\/wp\/v2\/pages\/31"}],"wp:featuredmedia":[{"embeddable":true,"href":"https:\/\/www.emiliana.cl\/pt\/wp-json\/wp\/v2\/media\/3942"}],"wp:attachment":[{"href":"https:\/\/www.emiliana.cl\/pt\/wp-json\/wp\/v2\/media?parent=101"}],"curies":[{"name":"wp","href":"https:\/\/api.w.org\/{rel}","templated":true}]}}